{"id":1099,"date":"2020-09-14T16:02:14","date_gmt":"2020-09-14T16:02:14","guid":{"rendered":"https:\/\/finacta.rs\/?page_id=1099"},"modified":"2025-04-26T22:04:39","modified_gmt":"2025-04-26T22:04:39","slug":"kancelarije","status":"publish","type":"page","link":"https:\/\/finacta.rs\/en\/kancelarije\/","title":{"rendered":"Offices"},"content":{"rendered":"<p><div class=\"fusion-fullwidth fullwidth-box fusion-builder-row-1 fusion-flex-container nonhundred-percent-fullwidth non-hundred-percent-height-scrolling\" style=\"--link_hover_color: var(--awb-color5);--link_color: var(--awb-color7);--awb-border-radius-top-left:0px;--awb-border-radius-top-right:0px;--awb-border-radius-bottom-right:0px;--awb-border-radius-bottom-left:0px;--awb-padding-top:94px;--awb-padding-bottom:94px;--awb-padding-top-medium:60px;--awb-padding-bottom-medium:60px;--awb-padding-top-small:20px;--awb-padding-bottom-small:60px;--awb-background-color:var(--awb-color2);--awb-flex-wrap:wrap;\" ><div class=\"fusion-builder-row fusion-row fusion-flex-align-items-flex-start fusion-flex-justify-content-center fusion-flex-content-wrap\" style=\"max-width:1310.4px;margin-left: calc(-4% \/ 2 );margin-right: calc(-4% \/ 2 );\"><div class=\"fusion-layout-column fusion_builder_column fusion-builder-column-0 fusion_builder_column_1_3 1_3 fusion-flex-column\" style=\"--awb-overflow:hidden;--awb-bg-size:cover;--awb-border-color:hsla(var(--awb-color1-h),var(--awb-color1-s),calc( var(--awb-color1-l) - 100% ),calc( var(--awb-color1-a) - 95% ));--awb-border-style:solid;--awb-border-radius:8px 8px 8px 8px;--awb-width-large:33.333333333333%;--awb-margin-top-large:20px;--awb-spacing-right-large:20px;--awb-margin-bottom-large:20px;--awb-spacing-left-large:20px;--awb-width-medium:33.333333333333%;--awb-order-medium:0;--awb-spacing-right-medium:10px;--awb-spacing-left-medium:10px;--awb-width-small:100%;--awb-order-small:0;--awb-spacing-right-small:1.92%;--awb-spacing-left-small:1.92%;\"><div class=\"fusion-column-wrapper fusion-column-has-shadow fusion-flex-justify-content-flex-start fusion-content-layout-column\"><div class=\"fusion-image-element\" style=\"--awb-caption-title-font-family:var(--h2_typography-font-family);--awb-caption-title-font-weight:var(--h2_typography-font-weight);--awb-caption-title-font-style:var(--h2_typography-font-style);--awb-caption-title-size:var(--h2_typography-font-size);--awb-caption-title-transform:var(--h2_typography-text-transform);--awb-caption-title-line-height:var(--h2_typography-line-height);--awb-caption-title-letter-spacing:var(--h2_typography-letter-spacing);\"><span class=\"fusion-imageframe imageframe-none imageframe-1 hover-type-none\" style=\"border-radius:12px;\"><img decoding=\"async\" width=\"600\" height=\"130\" title=\"Finacta-Logo-without-slogan-Inverter-color-600&#215;130\" src=\"https:\/\/finacta.rs\/wp-content\/uploads\/2025\/04\/Finacta-Logo-without-slogan-Inverter-color-600x130-1.png\" data-orig-src=\"https:\/\/finacta.rs\/wp-content\/uploads\/2025\/04\/Finacta-Logo-without-slogan-Inverter-color-600x130-1.png\" alt class=\"lazyload img-responsive wp-image-2928\" srcset=\"data:image\/svg+xml,%3Csvg%20xmlns%3D%27http%3A%2F%2Fwww.w3.org%2F2000%2Fsvg%27%20width%3D%27600%27%20height%3D%27130%27%20viewBox%3D%270%200%20600%20130%27%3E%3Crect%20width%3D%27600%27%20height%3D%27130%27%20fill-opacity%3D%220%22%2F%3E%3C%2Fsvg%3E\" data-srcset=\"https:\/\/finacta.rs\/wp-content\/uploads\/2025\/04\/Finacta-Logo-without-slogan-Inverter-color-600x130-1-200x43.png 200w, https:\/\/finacta.rs\/wp-content\/uploads\/2025\/04\/Finacta-Logo-without-slogan-Inverter-color-600x130-1-400x87.png 400w, https:\/\/finacta.rs\/wp-content\/uploads\/2025\/04\/Finacta-Logo-without-slogan-Inverter-color-600x130-1.png 600w\" data-sizes=\"auto\" data-orig-sizes=\"(max-width: 640px) 100vw, 600px\" \/><\/span><\/div><div class=\"fusion-title title fusion-title-1 fusion-sep-none fusion-title-text fusion-title-size-four\" style=\"--awb-margin-top:20px;--awb-margin-bottom:10px;--awb-margin-top-small:20px;\"><h4 class=\"fusion-title-heading title-heading-left fusion-responsive-typography-calculated\" style=\"margin:0;--fontSize:24;--minFontSize:24;line-height:1.42;\">Belgrade, Serbia<\/h4><\/div><div class=\"fusion-text fusion-text-1\" style=\"--awb-font-size:16px;--awb-text-font-family:var(--awb-typography3-font-family);--awb-text-font-weight:var(--awb-typography3-font-weight);--awb-text-font-style:var(--awb-typography3-font-style);\"><p>Ruvar\u010deva 12, Beograd<\/p>\n<\/div><div class=\"fusion-text fusion-text-2\" style=\"--awb-font-size:16px;--awb-text-font-family:var(--awb-typography3-font-family);--awb-text-font-weight:var(--awb-typography3-font-weight);--awb-text-font-style:var(--awb-typography3-font-style);\"><p><a href=\"https:\/\/finacta.rs\/en\/contact\/\">Konktaktirajte nas<\/a><\/p>\n<\/div><\/div><\/div><div class=\"fusion-layout-column fusion_builder_column fusion-builder-column-1 fusion_builder_column_2_3 2_3 fusion-flex-column\" style=\"--awb-overflow:hidden;--awb-bg-size:cover;--awb-border-color:hsla(var(--awb-color1-h),var(--awb-color1-s),calc( var(--awb-color1-l) - 100% ),calc( var(--awb-color1-a) - 95% ));--awb-border-style:solid;--awb-border-radius:8px 8px 8px 8px;--awb-width-large:66.666666666667%;--awb-margin-top-large:20px;--awb-spacing-right-large:20px;--awb-margin-bottom-large:20px;--awb-spacing-left-large:20px;--awb-width-medium:66.666666666667%;--awb-order-medium:0;--awb-spacing-right-medium:10px;--awb-spacing-left-medium:10px;--awb-width-small:100%;--awb-order-small:0;--awb-spacing-right-small:1.92%;--awb-spacing-left-small:1.92%;\"><div class=\"fusion-column-wrapper fusion-column-has-shadow fusion-flex-justify-content-flex-start fusion-content-layout-column\"><div class=\"awb-openstreet-map awb-openstreet-map-1\" data-map-style=\"osm-carto\" data-map-type=\"marker\" data-zoom=\"14\" data-zoomsnap=\"1\" data-zoomcontrol=\"1\" data-scrollwheelzoom=\"1\" data-dragging=\"1\" data-touchzoom=\"1\" data-dbclickzoom=\"1\" data-fitbounds=\"1\" data-shape-color=\"rgba(248,181,1,1)\" data-shape-weight=\"3\"><div class=\"awb-openstreet-map-marker awb-openstreet-map-marker-1\" data-latitude=\"44.81515089953594\" data-longitude=\"20.476445596134145\" data-icon=\"fa-circle fas\" data-action=\"popup\"><div class=\"awb-openstreet-map-marker-icon-wrapper\" style=\"\"><i class=\"fa-circle fas\"><\/i><\/div><div class=\"awb-openstreet-map-content-wrapper\"><\/div><\/div><\/div><\/div><\/div><\/div><\/div><div class=\"fusion-fullwidth fullwidth-box fusion-builder-row-2 fusion-flex-container nonhundred-percent-fullwidth non-hundred-percent-height-scrolling\" style=\"--awb-border-radius-top-left:0px;--awb-border-radius-top-right:0px;--awb-border-radius-bottom-right:0px;--awb-border-radius-bottom-left:0px;--awb-padding-top:102px;--awb-padding-bottom:60px;--awb-padding-bottom-medium:32px;--awb-padding-top-small:40px;--awb-padding-bottom-small:40px;--awb-flex-wrap:wrap;\" ><div class=\"fusion-builder-row fusion-row fusion-flex-align-items-flex-start fusion-flex-justify-content-center fusion-flex-content-wrap\" style=\"max-width:1310.4px;margin-left: calc(-4% \/ 2 );margin-right: calc(-4% \/ 2 );\"><div class=\"fusion-layout-column fusion_builder_column fusion-builder-column-2 fusion_builder_column_3_4 3_4 fusion-flex-column\" style=\"--awb-bg-size:cover;--awb-width-large:75%;--awb-margin-top-large:20px;--awb-spacing-right-large:2.56%;--awb-margin-bottom-large:20px;--awb-spacing-left-large:2.56%;--awb-width-medium:75%;--awb-spacing-right-medium:2.56%;--awb-margin-bottom-medium:30px;--awb-spacing-left-medium:2.56%;--awb-width-small:100%;--awb-spacing-right-small:1.92%;--awb-spacing-left-small:1.92%;\"><div class=\"fusion-column-wrapper fusion-column-has-shadow fusion-flex-justify-content-flex-start fusion-content-layout-column\"><div class=\"fusion-title title fusion-title-2 fusion-sep-none fusion-title-center fusion-title-text fusion-title-size-two\"><h2 class=\"fusion-title-heading title-heading-center fusion-responsive-typography-calculated\" style=\"margin:0;--fontSize:48;line-height:1.2;\">Zaka\u017eite besplatne konsultacije.<\/h2><\/div><div style=\"text-align:center;\"><a class=\"fusion-button button-flat fusion-button-default-size button-default fusion-button-default button-1 fusion-button-default-span fusion-button-default-type\" style=\"--button_margin-top:32px;--button_margin-bottom:12px;\" target=\"_self\" href=\"https:\/\/finacta.rs\/en\/contact\/\"><span class=\"fusion-button-text\">Contact us<\/span><\/a><\/div><div class=\"fusion-text fusion-text-3\" style=\"--awb-content-alignment:center;--awb-font-size:16px;--awb-line-height:28px;\"><p>Na\u0161 stru\u010dni tim je na raspolaganju da efikasno re\u0161i va\u0161e poslovne izazove.<\/p>\n<\/div><\/div><\/div><\/div><\/div>\n<\/p>","protected":false},"excerpt":{"rendered":"","protected":false},"author":1,"featured_media":0,"parent":0,"menu_order":0,"comment_status":"closed","ping_status":"closed","template":"100-width.php","meta":{"_joinchat":[],"footnotes":""},"class_list":["post-1099","page","type-page","status-publish","hentry"],"yoast_head":"<!-- This site is optimized with the Yoast SEO plugin v24.9 - https:\/\/yoast.com\/wordpress\/plugins\/seo\/ -->\n<title>Kancelarije - Finacta<\/title>\n<meta name=\"robots\" content=\"index, follow, max-snippet:-1, max-image-preview:large, max-video-preview:-1\" \/>\n<link rel=\"canonical\" href=\"https:\/\/finacta.rs\/en\/kancelarije\/\" \/>\n<meta property=\"og:locale\" content=\"en_US\" \/>\n<meta property=\"og:type\" content=\"article\" \/>\n<meta property=\"og:title\" content=\"Kancelarije - Finacta\" \/>\n<meta property=\"og:url\" content=\"https:\/\/finacta.rs\/en\/kancelarije\/\" \/>\n<meta property=\"og:site_name\" content=\"Finacta\" \/>\n<meta property=\"article:modified_time\" content=\"2025-04-26T22:04:39+00:00\" \/>\n<meta name=\"twitter:card\" content=\"summary_large_image\" \/>\n<meta name=\"twitter:label1\" content=\"Est. reading time\" \/>\n\t<meta name=\"twitter:data1\" content=\"5 minutes\" \/>\n<script type=\"application\/ld+json\" class=\"yoast-schema-graph\">{\"@context\":\"https:\/\/schema.org\",\"@graph\":[{\"@type\":\"WebPage\",\"@id\":\"https:\/\/finacta.rs\/kancelarije\/\",\"url\":\"https:\/\/finacta.rs\/kancelarije\/\",\"name\":\"Kancelarije - Finacta\",\"isPartOf\":{\"@id\":\"https:\/\/finacta.rs\/#website\"},\"datePublished\":\"2020-09-14T16:02:14+00:00\",\"dateModified\":\"2025-04-26T22:04:39+00:00\",\"breadcrumb\":{\"@id\":\"https:\/\/finacta.rs\/kancelarije\/#breadcrumb\"},\"inLanguage\":\"en-US\",\"potentialAction\":[{\"@type\":\"ReadAction\",\"target\":[\"https:\/\/finacta.rs\/kancelarije\/\"]}]},{\"@type\":\"BreadcrumbList\",\"@id\":\"https:\/\/finacta.rs\/kancelarije\/#breadcrumb\",\"itemListElement\":[{\"@type\":\"ListItem\",\"position\":1,\"name\":\"Home\",\"item\":\"https:\/\/finacta.rs\/\"},{\"@type\":\"ListItem\",\"position\":2,\"name\":\"Kancelarije\"}]},{\"@type\":\"WebSite\",\"@id\":\"https:\/\/finacta.rs\/#website\",\"url\":\"https:\/\/finacta.rs\/\",\"name\":\"finacta.rs\",\"description\":\"Knjigovodstvena agencija\",\"publisher\":{\"@id\":\"https:\/\/finacta.rs\/#organization\"},\"potentialAction\":[{\"@type\":\"SearchAction\",\"target\":{\"@type\":\"EntryPoint\",\"urlTemplate\":\"https:\/\/finacta.rs\/?s={search_term_string}\"},\"query-input\":{\"@type\":\"PropertyValueSpecification\",\"valueRequired\":true,\"valueName\":\"search_term_string\"}}],\"inLanguage\":\"en-US\"},{\"@type\":\"Organization\",\"@id\":\"https:\/\/finacta.rs\/#organization\",\"name\":\"finacta.rs\",\"url\":\"https:\/\/finacta.rs\/\",\"logo\":{\"@type\":\"ImageObject\",\"inLanguage\":\"en-US\",\"@id\":\"https:\/\/finacta.rs\/#\/schema\/logo\/image\/\",\"url\":\"https:\/\/finacta.rs\/wp-content\/uploads\/2024\/02\/Finacta-Logo-without-slogan-Inverter-color.png\",\"contentUrl\":\"https:\/\/finacta.rs\/wp-content\/uploads\/2024\/02\/Finacta-Logo-without-slogan-Inverter-color.png\",\"width\":801,\"height\":173,\"caption\":\"finacta.rs\"},\"image\":{\"@id\":\"https:\/\/finacta.rs\/#\/schema\/logo\/image\/\"}}]}<\/script>\n<!-- \/ Yoast SEO plugin. -->","yoast_head_json":{"title":"Kancelarije - Finacta","robots":{"index":"index","follow":"follow","max-snippet":"max-snippet:-1","max-image-preview":"max-image-preview:large","max-video-preview":"max-video-preview:-1"},"canonical":"https:\/\/finacta.rs\/en\/kancelarije\/","og_locale":"en_US","og_type":"article","og_title":"Kancelarije - Finacta","og_url":"https:\/\/finacta.rs\/en\/kancelarije\/","og_site_name":"Finacta","article_modified_time":"2025-04-26T22:04:39+00:00","twitter_card":"summary_large_image","twitter_misc":{"Est. reading time":"5 minutes"},"schema":{"@context":"https:\/\/schema.org","@graph":[{"@type":"WebPage","@id":"https:\/\/finacta.rs\/kancelarije\/","url":"https:\/\/finacta.rs\/kancelarije\/","name":"Kancelarije - Finacta","isPartOf":{"@id":"https:\/\/finacta.rs\/#website"},"datePublished":"2020-09-14T16:02:14+00:00","dateModified":"2025-04-26T22:04:39+00:00","breadcrumb":{"@id":"https:\/\/finacta.rs\/kancelarije\/#breadcrumb"},"inLanguage":"en-US","potentialAction":[{"@type":"ReadAction","target":["https:\/\/finacta.rs\/kancelarije\/"]}]},{"@type":"BreadcrumbList","@id":"https:\/\/finacta.rs\/kancelarije\/#breadcrumb","itemListElement":[{"@type":"ListItem","position":1,"name":"Home","item":"https:\/\/finacta.rs\/"},{"@type":"ListItem","position":2,"name":"Kancelarije"}]},{"@type":"WebSite","@id":"https:\/\/finacta.rs\/#website","url":"https:\/\/finacta.rs\/","name":"finacta.rs","description":"Knjigovodstvena agencija","publisher":{"@id":"https:\/\/finacta.rs\/#organization"},"potentialAction":[{"@type":"SearchAction","target":{"@type":"EntryPoint","urlTemplate":"https:\/\/finacta.rs\/?s={search_term_string}"},"query-input":{"@type":"PropertyValueSpecification","valueRequired":true,"valueName":"search_term_string"}}],"inLanguage":"en-US"},{"@type":"Organization","@id":"https:\/\/finacta.rs\/#organization","name":"finacta.rs","url":"https:\/\/finacta.rs\/","logo":{"@type":"ImageObject","inLanguage":"en-US","@id":"https:\/\/finacta.rs\/#\/schema\/logo\/image\/","url":"https:\/\/finacta.rs\/wp-content\/uploads\/2024\/02\/Finacta-Logo-without-slogan-Inverter-color.png","contentUrl":"https:\/\/finacta.rs\/wp-content\/uploads\/2024\/02\/Finacta-Logo-without-slogan-Inverter-color.png","width":801,"height":173,"caption":"finacta.rs"},"image":{"@id":"https:\/\/finacta.rs\/#\/schema\/logo\/image\/"}}]}},"_links":{"self":[{"href":"https:\/\/finacta.rs\/en\/wp-json\/wp\/v2\/pages\/1099","targetHints":{"allow":["GET"]}}],"collection":[{"href":"https:\/\/finacta.rs\/en\/wp-json\/wp\/v2\/pages"}],"about":[{"href":"https:\/\/finacta.rs\/en\/wp-json\/wp\/v2\/types\/page"}],"author":[{"embeddable":true,"href":"https:\/\/finacta.rs\/en\/wp-json\/wp\/v2\/users\/1"}],"replies":[{"embeddable":true,"href":"https:\/\/finacta.rs\/en\/wp-json\/wp\/v2\/comments?post=1099"}],"version-history":[{"count":8,"href":"https:\/\/finacta.rs\/en\/wp-json\/wp\/v2\/pages\/1099\/revisions"}],"predecessor-version":[{"id":2929,"href":"https:\/\/finacta.rs\/en\/wp-json\/wp\/v2\/pages\/1099\/revisions\/2929"}],"wp:attachment":[{"href":"https:\/\/finacta.rs\/en\/wp-json\/wp\/v2\/media?parent=1099"}],"curies":[{"name":"wp","href":"https:\/\/api.w.org\/{rel}","templated":true}]}}